{"id":15544,"date":"2022-11-14T14:24:31","date_gmt":"2022-11-14T13:24:31","guid":{"rendered":"https:\/\/huebner.virtuosen.at\/contact\/"},"modified":"2026-02-04T14:35:28","modified_gmt":"2026-02-04T13:35:28","slug":"contact","status":"publish","type":"page","link":"https:\/\/www.huebner.at\/en\/contact\/","title":{"rendered":"Contact"},"content":{"rendered":"\t\t<div data-elementor-type=\"wp-page\" data-elementor-id=\"15544\" class=\"elementor elementor-15544 elementor-124\" data-elementor-post-type=\"page\">\n\t\t\t\t<div class=\"elementor-element elementor-element-acb8556 e-con-full e-flex e-con e-parent\" data-id=\"acb8556\" data-element_type=\"container\" data-e-type=\"container\" data-settings=\"{&quot;background_background&quot;:&quot;classic&quot;}\">\n\t\t<div class=\"elementor-element elementor-element-2ef1ccf e-flex e-con-boxed e-con e-child\" data-id=\"2ef1ccf\" data-element_type=\"container\" data-e-type=\"container\">\n\t\t\t\t\t<div class=\"e-con-inner\">\n\t\t\t\t<div class=\"elementor-element elementor-element-a089304 v-underline elementor-widget elementor-widget-heading\" data-id=\"a089304\" data-element_type=\"widget\" data-e-type=\"widget\" data-widget_type=\"heading.default\">\n\t\t\t\t<div class=\"elementor-widget-container\">\n\t\t\t\t\t<h1 class=\"elementor-heading-title elementor-size-default\">We are happy to hear from you.<\/h1>\t\t\t\t<\/div>\n\t\t\t\t<\/div>\n\t\t\t\t\t<\/div>\n\t\t\t\t<\/div>\n\t\t\t\t<div class=\"elementor-element elementor-element-ba72646 elementor-widget-divider--view-line elementor-widget elementor-widget-divider\" data-id=\"ba72646\" data-element_type=\"widget\" data-e-type=\"widget\" data-widget_type=\"divider.default\">\n\t\t\t\t<div class=\"elementor-widget-container\">\n\t\t\t\t\t\t\t<div class=\"elementor-divider\">\n\t\t\t<span class=\"elementor-divider-separator\">\n\t\t\t\t\t\t<\/span>\n\t\t<\/div>\n\t\t\t\t\t\t<\/div>\n\t\t\t\t<\/div>\n\t\t\t\t<\/div>\n\t\t<div class=\"elementor-element elementor-element-b25b2b9 e-flex e-con-boxed e-con e-parent\" data-id=\"b25b2b9\" data-element_type=\"container\" data-e-type=\"container\" data-settings=\"{&quot;background_background&quot;:&quot;classic&quot;}\">\n\t\t\t\t\t<div class=\"e-con-inner\">\n\t\t<div class=\"elementor-element elementor-element-7860ae7 e-con-full e-flex e-con e-child\" data-id=\"7860ae7\" data-element_type=\"container\" data-e-type=\"container\">\n\t\t<div class=\"elementor-element elementor-element-e3b5681 e-con-full e-flex e-con e-child\" data-id=\"e3b5681\" data-element_type=\"container\" data-e-type=\"container\">\n\t\t\t\t<div class=\"elementor-element elementor-element-2268642 v-link elementor-widget elementor-widget-text-editor\" data-id=\"2268642\" data-element_type=\"widget\" data-e-type=\"widget\" data-widget_type=\"text-editor.default\">\n\t\t\t\t<div class=\"elementor-widget-container\">\n\t\t\t\t\t\t\t\t\t<p><b>Your contact person:<\/b><br \/>Kristina Schlechta<br \/>Head of Business Development<\/p>\n<p>Tel: <a href=\"tel:0043181175292\">+ 43\/1\/811 75-292<\/a><br \/><a href=\"mailto:kristina.schlechta@huebner.at\">kristina.schlechta@huebner.at<\/a><\/p>\n\t\t\t\t\t\t\t\t<\/div>\n\t\t\t\t<\/div>\n\t\t\t\t<div class=\"elementor-element elementor-element-6689500 elementor-widget elementor-widget-image\" data-id=\"6689500\" data-element_type=\"widget\" data-e-type=\"widget\" data-widget_type=\"image.default\">\n\t\t\t\t<div class=\"elementor-widget-container\">\n\t\t\t\t\t\t\t\t\t\t\t\t\t\t\t<img fetchpriority=\"high\" decoding=\"async\" width=\"2307\" height=\"2560\" src=\"https:\/\/www.huebner.at\/wp-content\/uploads\/kristinaschlechta-kontakt-scaled-1.jpg\" class=\"attachment-full size-full wp-image-29467\" alt=\"\" srcset=\"https:\/\/www.huebner.at\/wp-content\/uploads\/kristinaschlechta-kontakt-scaled-1.jpg 2307w, https:\/\/www.huebner.at\/wp-content\/uploads\/kristinaschlechta-kontakt-scaled-1-270x300.jpg 270w, https:\/\/www.huebner.at\/wp-content\/uploads\/kristinaschlechta-kontakt-scaled-1-923x1024.jpg 923w, https:\/\/www.huebner.at\/wp-content\/uploads\/kristinaschlechta-kontakt-scaled-1-768x852.jpg 768w, https:\/\/www.huebner.at\/wp-content\/uploads\/kristinaschlechta-kontakt-scaled-1-1384x1536.jpg 1384w, https:\/\/www.huebner.at\/wp-content\/uploads\/kristinaschlechta-kontakt-scaled-1-1846x2048.jpg 1846w\" sizes=\"(max-width: 2307px) 100vw, 2307px\" \/>\t\t\t\t\t\t\t\t\t\t\t\t\t\t\t<\/div>\n\t\t\t\t<\/div>\n\t\t\t\t<\/div>\n\t\t<div class=\"elementor-element elementor-element-5a1c89f e-con-full e-flex e-con e-child\" data-id=\"5a1c89f\" data-element_type=\"container\" data-e-type=\"container\">\n\t\t\t\t<div class=\"elementor-element elementor-element-c4b93d7 elementor-widget elementor-widget-text-editor\" data-id=\"c4b93d7\" data-element_type=\"widget\" data-e-type=\"widget\" data-widget_type=\"text-editor.default\">\n\t\t\t\t<div class=\"elementor-widget-container\">\n\t\t\t\t\t\t\t\t\t<p><b>You can reach us personally:<\/b><br \/>Mo &#8211; Thu: 08:00 &#8211; 17:00<br \/>Friday: 08:00 &#8211; 14:00<\/p>\n\t\t\t\t\t\t\t\t<\/div>\n\t\t\t\t<\/div>\n\t\t\t\t<div class=\"elementor-element elementor-element-ad9a779 v-link elementor-widget elementor-widget-text-editor\" data-id=\"ad9a779\" data-element_type=\"widget\" data-e-type=\"widget\" data-widget_type=\"text-editor.default\">\n\t\t\t\t<div class=\"elementor-widget-container\">\n\t\t\t\t\t\t\t\t\t<div class=\"col-md-12 col-sm-12 col-xs-6 col-xxs\"><b>H\u00fcbner &amp; H\u00fcbner<\/b><\/div><div class=\"col-md-12 col-sm-12 col-xs-6 col-xxs\"><p>Sch\u00f6nbrunner Schlo\u00dfstra\u00dfe 2 \/ Top 501<br \/>(VIO Plaza)<br \/>A-1120 Vienna<br \/><a class=\"link\" href=\"https:\/\/maps.google.de\/?daddr=Sch%C3%B6nbrunner+Schlo%C3%9Fstra%C3%9Fe+2,+1120+Wien\" target=\"_blank\" rel=\"noopener\">Routenplaner (Google)<\/a><\/p><\/div>\t\t\t\t\t\t\t\t<\/div>\n\t\t\t\t<\/div>\n\t\t\t\t<\/div>\n\t\t\t\t<\/div>\n\t\t<div class=\"elementor-element elementor-element-5fb3e38 e-con-full e-flex e-con e-child\" data-id=\"5fb3e38\" data-element_type=\"container\" data-e-type=\"container\">\n\t\t\t\t<div class=\"elementor-element elementor-element-9cfc822 elementor-widget elementor-widget-text-editor\" data-id=\"9cfc822\" data-element_type=\"widget\" data-e-type=\"widget\" data-widget_type=\"text-editor.default\">\n\t\t\t\t<div class=\"elementor-widget-container\">\n\t\t\t\t\t\t\t\t\t<p><strong>24\/7 &#8220;on call\u201c:<\/strong><\/p>\n\t\t\t\t\t\t\t\t<\/div>\n\t\t\t\t<\/div>\n\t\t\t\t<div class=\"elementor-element elementor-element-b895423 elementor-button-align-stretch elementor-widget elementor-widget-form\" data-id=\"b895423\" data-element_type=\"widget\" data-e-type=\"widget\" data-settings=\"{&quot;button_width&quot;:&quot;50&quot;,&quot;step_next_label&quot;:&quot;Next&quot;,&quot;step_previous_label&quot;:&quot;Previous&quot;,&quot;step_type&quot;:&quot;number_text&quot;,&quot;step_icon_shape&quot;:&quot;circle&quot;}\" data-widget_type=\"form.default\">\n\t\t\t\t<div class=\"elementor-widget-container\">\n\t\t\t\t\t\t\t<form class=\"elementor-form\" method=\"post\" name=\"contactform\" aria-label=\"contactform\">\n\t\t\t<input type=\"hidden\" name=\"post_id\" value=\"15544\"\/>\n\t\t\t<input type=\"hidden\" name=\"form_id\" value=\"b895423\"\/>\n\t\t\t<input type=\"hidden\" name=\"referer_title\" value=\"Contact - H\u00fcbner &amp; H\u00fcbner\" \/>\n\n\t\t\t\t\t\t\t<input type=\"hidden\" name=\"queried_id\" value=\"15544\"\/>\n\t\t\t\n\t\t\t<div class=\"elementor-form-fields-wrapper elementor-labels-\">\n\t\t\t\t\t\t\t\t<div class=\"elementor-field-type-text elementor-field-group elementor-column elementor-field-group-field_97b4658 elementor-col-100 elementor-field-required\">\n\t\t\t\t\t\t\t\t\t\t\t\t<label for=\"form-field-field_97b4658\" class=\"elementor-field-label elementor-screen-only\">\n\t\t\t\t\t\t\t\tName\t\t\t\t\t\t\t<\/label>\n\t\t\t\t\t\t\t\t\t\t\t\t\t\t<input size=\"1\" type=\"text\" name=\"form_fields[field_97b4658]\" id=\"form-field-field_97b4658\" class=\"elementor-field elementor-size-sm  elementor-field-textual\" placeholder=\"Name *\" required=\"required\">\n\t\t\t\t\t\t\t\t\t\t\t<\/div>\n\t\t\t\t\t\t\t\t<div class=\"elementor-field-type-text\">\n\t\t\t\t\t<input size=\"1\" type=\"text\" name=\"form_fields[field_62d0b3a]\" id=\"form-field-field_62d0b3a\" class=\"elementor-field elementor-size-sm \" style=\"display:none !important;\">\t\t\t\t<\/div>\n\t\t\t\t\t\t\t\t<div class=\"elementor-field-type-tel elementor-field-group elementor-column elementor-field-group-field_b81a20d elementor-col-50 elementor-field-required\">\n\t\t\t\t\t\t\t\t\t\t\t\t<label for=\"form-field-field_b81a20d\" class=\"elementor-field-label elementor-screen-only\">\n\t\t\t\t\t\t\t\tTelephone\t\t\t\t\t\t\t<\/label>\n\t\t\t\t\t\t\t\t<input size=\"1\" type=\"tel\" name=\"form_fields[field_b81a20d]\" id=\"form-field-field_b81a20d\" class=\"elementor-field elementor-size-sm  elementor-field-textual\" placeholder=\"Telephone *\" required=\"required\" pattern=\"[0-9()#&amp;+*-=.]+\" title=\"Only numbers and phone characters (#, -, *, etc) are accepted.\">\n\n\t\t\t\t\t\t<\/div>\n\t\t\t\t\t\t\t\t<div class=\"elementor-field-type-email elementor-field-group elementor-column elementor-field-group-email elementor-col-50 elementor-field-required\">\n\t\t\t\t\t\t\t\t\t\t\t\t<label for=\"form-field-email\" class=\"elementor-field-label elementor-screen-only\">\n\t\t\t\t\t\t\t\tE-Mail\t\t\t\t\t\t\t<\/label>\n\t\t\t\t\t\t\t\t\t\t\t\t\t\t<input size=\"1\" type=\"email\" name=\"form_fields[email]\" id=\"form-field-email\" class=\"elementor-field elementor-size-sm  elementor-field-textual\" placeholder=\"E-Mail *\" required=\"required\">\n\t\t\t\t\t\t\t\t\t\t\t<\/div>\n\t\t\t\t\t\t\t\t<div class=\"elementor-field-type-text\">\n\t\t\t\t\t<input size=\"1\" type=\"text\" name=\"form_fields[field_73f1990]\" id=\"form-field-field_73f1990\" class=\"elementor-field elementor-size-sm \" style=\"display:none !important;\">\t\t\t\t<\/div>\n\t\t\t\t\t\t\t\t<div class=\"elementor-field-type-text elementor-field-group elementor-column elementor-field-group-field_c8e7eb1 elementor-col-100 elementor-field-required\">\n\t\t\t\t\t\t\t\t\t\t\t\t<label for=\"form-field-field_c8e7eb1\" class=\"elementor-field-label elementor-screen-only\">\n\t\t\t\t\t\t\t\tSubject\t\t\t\t\t\t\t<\/label>\n\t\t\t\t\t\t\t\t\t\t\t\t\t\t<input size=\"1\" type=\"text\" name=\"form_fields[field_c8e7eb1]\" id=\"form-field-field_c8e7eb1\" class=\"elementor-field elementor-size-sm  elementor-field-textual\" placeholder=\"Subject *\" required=\"required\">\n\t\t\t\t\t\t\t\t\t\t\t<\/div>\n\t\t\t\t\t\t\t\t<div class=\"elementor-field-type-textarea elementor-field-group elementor-column elementor-field-group-message elementor-col-100\">\n\t\t\t\t\t\t\t\t\t\t\t\t<label for=\"form-field-message\" class=\"elementor-field-label elementor-screen-only\">\n\t\t\t\t\t\t\t\tMessage\t\t\t\t\t\t\t<\/label>\n\t\t\t\t\t\t<textarea class=\"elementor-field-textual elementor-field  elementor-size-sm\" name=\"form_fields[message]\" id=\"form-field-message\" rows=\"6\" placeholder=\"Message\"><\/textarea>\t\t\t\t<\/div>\n\t\t\t\t<div class=\"elementor-field-type-text elementor-field-group elementor-column elementor-field-group-text elementor-col-100 elementor-field-required\"><input id=\"f12_captcha\" type=\"text\" style=\"visibility:hidden!important; opacity:1!important; height:0!important; width:0!important; margin:0!important; padding:0!important;\" name=\"f12_captcha\" value=\"\"\/><\/div>\t\t\t\t<div class=\"elementor-field-type-text\">\n\t\t\t\t\t<input size=\"1\" type=\"text\" name=\"form_fields[field_db19f4b]\" id=\"form-field-field_db19f4b\" class=\"elementor-field elementor-size-sm \" style=\"display:none !important;\">\t\t\t\t<\/div>\n\t\t\t\t\t\t\t\t<div class=\"elementor-field-group elementor-column elementor-field-type-submit elementor-col-50 e-form__buttons\">\n\t\t\t\t\t<button class=\"elementor-button elementor-size-sm\" type=\"submit\">\n\t\t\t\t\t\t<span class=\"elementor-button-content-wrapper\">\n\t\t\t\t\t\t\t\t\t\t\t\t\t\t\t\t\t\t\t\t\t\t<span class=\"elementor-button-text\">Send<\/span>\n\t\t\t\t\t\t\t\t\t\t\t\t\t<\/span>\n\t\t\t\t\t<\/button>\n\t\t\t\t<\/div>\n\t\t\t<\/div>\n\t\t<\/form>\n\t\t\t\t\t\t<\/div>\n\t\t\t\t<\/div>\n\t\t\t\t<\/div>\n\t\t\t\t\t<\/div>\n\t\t\t\t<\/div>\n\t\t\t\t<\/div>\n\t\t","protected":false},"excerpt":{"rendered":"<p>We are happy to hear from you. Your contact person:Kristina SchlechtaHead of Business Development Tel: + 43\/1\/811 75-292kristina.schlechta@huebner.at You can reach us personally:Mo &#8211; Thu: 08:00 &#8211; 17:00Friday: 08:00 &#8211; 14:00 H\u00fcbner &amp; H\u00fcbner Sch\u00f6nbrunner Schlo\u00dfstra\u00dfe 2 \/ Top 501(VIO Plaza)A-1120 ViennaRoutenplaner (Google) 24\/7 &#8220;on call\u201c:<\/p>\n","protected":false},"author":1,"featured_media":0,"parent":0,"menu_order":0,"comment_status":"closed","ping_status":"closed","template":"elementor_header_footer","meta":{"_acf_changed":false,"inline_featured_image":false,"footnotes":""},"class_list":["post-15544","page","type-page","status-publish","hentry"],"acf":[],"yoast_head":"<!-- This site is optimized with the Yoast SEO plugin v27.2 - https:\/\/yoast.com\/product\/yoast-seo-wordpress\/ -->\n<title>Contact - H\u00fcbner &amp; H\u00fcbner<\/title>\n<meta name=\"description\" content=\"Contact: German \/ English. Your contact person: Kristina Schlechta Tel: + 43\/1\/811 75-292 \u00b7 kristina.schlechta@huebner.at.\" \/>\n<meta name=\"robots\" content=\"index, follow, max-snippet:-1, max-image-preview:large, max-video-preview:-1\" \/>\n<link rel=\"canonical\" href=\"https:\/\/www.huebner.at\/en\/contact\/\" \/>\n<meta property=\"og:locale\" content=\"en_US\" \/>\n<meta property=\"og:type\" content=\"article\" \/>\n<meta property=\"og:title\" content=\"Contact - H\u00fcbner &amp; H\u00fcbner\" \/>\n<meta property=\"og:description\" content=\"Contact: German \/ English. Your contact person: Kristina Schlechta Tel: + 43\/1\/811 75-292 \u00b7 kristina.schlechta@huebner.at.\" \/>\n<meta property=\"og:url\" content=\"https:\/\/www.huebner.at\/en\/contact\/\" \/>\n<meta property=\"og:site_name\" content=\"H\u00fcbner &amp; H\u00fcbner\" \/>\n<meta property=\"article:publisher\" content=\"https:\/\/www.facebook.com\/HuebnerSteuerberater\" \/>\n<meta property=\"article:modified_time\" content=\"2026-02-04T13:35:28+00:00\" \/>\n<meta property=\"og:image\" content=\"https:\/\/www.huebner.at\/wp-content\/uploads\/kristinaschlechta-kontakt-scaled-1.jpg\" \/>\n<meta name=\"twitter:card\" content=\"summary_large_image\" \/>\n<meta name=\"twitter:site\" content=\"@huebner_stb\" \/>\n<meta name=\"twitter:label1\" content=\"Est. reading time\" \/>\n\t<meta name=\"twitter:data1\" content=\"1 minute\" \/>\n<script type=\"application\/ld+json\" class=\"yoast-schema-graph\">{\"@context\":\"https:\/\/schema.org\",\"@graph\":[{\"@type\":\"WebPage\",\"@id\":\"https:\/\/www.huebner.at\/en\/contact\/\",\"url\":\"https:\/\/www.huebner.at\/en\/contact\/\",\"name\":\"Contact - H\u00fcbner &amp; H\u00fcbner\",\"isPartOf\":{\"@id\":\"https:\/\/www.huebner.at\/en\/#website\"},\"primaryImageOfPage\":{\"@id\":\"https:\/\/www.huebner.at\/en\/contact\/#primaryimage\"},\"image\":{\"@id\":\"https:\/\/www.huebner.at\/en\/contact\/#primaryimage\"},\"thumbnailUrl\":\"https:\/\/www.huebner.at\/wp-content\/uploads\/kristinaschlechta-kontakt-scaled-1.jpg\",\"datePublished\":\"2022-11-14T13:24:31+00:00\",\"dateModified\":\"2026-02-04T13:35:28+00:00\",\"description\":\"Contact: German \/ English. Your contact person: Kristina Schlechta Tel: + 43\/1\/811 75-292 \u00b7 kristina.schlechta@huebner.at.\",\"breadcrumb\":{\"@id\":\"https:\/\/www.huebner.at\/en\/contact\/#breadcrumb\"},\"inLanguage\":\"en-US\",\"potentialAction\":[{\"@type\":\"ReadAction\",\"target\":[\"https:\/\/www.huebner.at\/en\/contact\/\"]}]},{\"@type\":\"ImageObject\",\"inLanguage\":\"en-US\",\"@id\":\"https:\/\/www.huebner.at\/en\/contact\/#primaryimage\",\"url\":\"https:\/\/www.huebner.at\/wp-content\/uploads\/kristinaschlechta-kontakt-scaled-1.jpg\",\"contentUrl\":\"https:\/\/www.huebner.at\/wp-content\/uploads\/kristinaschlechta-kontakt-scaled-1.jpg\"},{\"@type\":\"BreadcrumbList\",\"@id\":\"https:\/\/www.huebner.at\/en\/contact\/#breadcrumb\",\"itemListElement\":[{\"@type\":\"ListItem\",\"position\":1,\"name\":\"Startseite\",\"item\":\"https:\/\/www.huebner.at\/en\/\"},{\"@type\":\"ListItem\",\"position\":2,\"name\":\"Contact\"}]},{\"@type\":\"WebSite\",\"@id\":\"https:\/\/www.huebner.at\/en\/#website\",\"url\":\"https:\/\/www.huebner.at\/en\/\",\"name\":\"H\u00fcbner &amp; H\u00fcbner\",\"description\":\"Digitales Rechnungswesen &amp; Optimierte Steuerkonzepte.\",\"publisher\":{\"@id\":\"https:\/\/www.huebner.at\/en\/#organization\"},\"potentialAction\":[{\"@type\":\"SearchAction\",\"target\":{\"@type\":\"EntryPoint\",\"urlTemplate\":\"https:\/\/www.huebner.at\/en\/?s={search_term_string}\"},\"query-input\":{\"@type\":\"PropertyValueSpecification\",\"valueRequired\":true,\"valueName\":\"search_term_string\"}}],\"inLanguage\":\"en-US\"},{\"@type\":\"Organization\",\"@id\":\"https:\/\/www.huebner.at\/en\/#organization\",\"name\":\"H\u00fcbner &amp; H\u00fcbner Wirtschaftspr\u00fcfung und Steuerberatung GmbH & Co KG\",\"alternateName\":\"H\u00fcbner &amp; H\u00fcbner\",\"url\":\"https:\/\/www.huebner.at\/en\/\",\"logo\":{\"@type\":\"ImageObject\",\"inLanguage\":\"en-US\",\"@id\":\"https:\/\/www.huebner.at\/en\/#\/schema\/logo\/image\/\",\"url\":\"https:\/\/www.huebner.at\/wp-content\/uploads\/2022\/11\/Favicon.jpg\",\"contentUrl\":\"https:\/\/www.huebner.at\/wp-content\/uploads\/2022\/11\/Favicon.jpg\",\"width\":512,\"height\":512,\"caption\":\"H\u00fcbner &amp; H\u00fcbner Wirtschaftspr\u00fcfung und Steuerberatung GmbH & Co KG\"},\"image\":{\"@id\":\"https:\/\/www.huebner.at\/en\/#\/schema\/logo\/image\/\"},\"sameAs\":[\"https:\/\/www.facebook.com\/HuebnerSteuerberater\",\"https:\/\/x.com\/huebner_stb\",\"https:\/\/www.linkedin.com\/company\/h\u00fcbner-h\u00fcbner-steuerberatung\"]}]}<\/script>\n<!-- \/ Yoast SEO plugin. -->","yoast_head_json":{"title":"Contact - H\u00fcbner &amp; H\u00fcbner","description":"Contact: German \/ English. Your contact person: Kristina Schlechta Tel: + 43\/1\/811 75-292 \u00b7 kristina.schlechta@huebner.at.","robots":{"index":"index","follow":"follow","max-snippet":"max-snippet:-1","max-image-preview":"max-image-preview:large","max-video-preview":"max-video-preview:-1"},"canonical":"https:\/\/www.huebner.at\/en\/contact\/","og_locale":"en_US","og_type":"article","og_title":"Contact - H\u00fcbner &amp; H\u00fcbner","og_description":"Contact: German \/ English. Your contact person: Kristina Schlechta Tel: + 43\/1\/811 75-292 \u00b7 kristina.schlechta@huebner.at.","og_url":"https:\/\/www.huebner.at\/en\/contact\/","og_site_name":"H\u00fcbner &amp; H\u00fcbner","article_publisher":"https:\/\/www.facebook.com\/HuebnerSteuerberater","article_modified_time":"2026-02-04T13:35:28+00:00","og_image":[{"url":"https:\/\/www.huebner.at\/wp-content\/uploads\/kristinaschlechta-kontakt-scaled-1.jpg","type":"","width":"","height":""}],"twitter_card":"summary_large_image","twitter_site":"@huebner_stb","twitter_misc":{"Est. reading time":"1 minute"},"schema":{"@context":"https:\/\/schema.org","@graph":[{"@type":"WebPage","@id":"https:\/\/www.huebner.at\/en\/contact\/","url":"https:\/\/www.huebner.at\/en\/contact\/","name":"Contact - H\u00fcbner &amp; H\u00fcbner","isPartOf":{"@id":"https:\/\/www.huebner.at\/en\/#website"},"primaryImageOfPage":{"@id":"https:\/\/www.huebner.at\/en\/contact\/#primaryimage"},"image":{"@id":"https:\/\/www.huebner.at\/en\/contact\/#primaryimage"},"thumbnailUrl":"https:\/\/www.huebner.at\/wp-content\/uploads\/kristinaschlechta-kontakt-scaled-1.jpg","datePublished":"2022-11-14T13:24:31+00:00","dateModified":"2026-02-04T13:35:28+00:00","description":"Contact: German \/ English. Your contact person: Kristina Schlechta Tel: + 43\/1\/811 75-292 \u00b7 kristina.schlechta@huebner.at.","breadcrumb":{"@id":"https:\/\/www.huebner.at\/en\/contact\/#breadcrumb"},"inLanguage":"en-US","potentialAction":[{"@type":"ReadAction","target":["https:\/\/www.huebner.at\/en\/contact\/"]}]},{"@type":"ImageObject","inLanguage":"en-US","@id":"https:\/\/www.huebner.at\/en\/contact\/#primaryimage","url":"https:\/\/www.huebner.at\/wp-content\/uploads\/kristinaschlechta-kontakt-scaled-1.jpg","contentUrl":"https:\/\/www.huebner.at\/wp-content\/uploads\/kristinaschlechta-kontakt-scaled-1.jpg"},{"@type":"BreadcrumbList","@id":"https:\/\/www.huebner.at\/en\/contact\/#breadcrumb","itemListElement":[{"@type":"ListItem","position":1,"name":"Startseite","item":"https:\/\/www.huebner.at\/en\/"},{"@type":"ListItem","position":2,"name":"Contact"}]},{"@type":"WebSite","@id":"https:\/\/www.huebner.at\/en\/#website","url":"https:\/\/www.huebner.at\/en\/","name":"H\u00fcbner &amp; H\u00fcbner","description":"Digitales Rechnungswesen &amp; Optimierte Steuerkonzepte.","publisher":{"@id":"https:\/\/www.huebner.at\/en\/#organization"},"potentialAction":[{"@type":"SearchAction","target":{"@type":"EntryPoint","urlTemplate":"https:\/\/www.huebner.at\/en\/?s={search_term_string}"},"query-input":{"@type":"PropertyValueSpecification","valueRequired":true,"valueName":"search_term_string"}}],"inLanguage":"en-US"},{"@type":"Organization","@id":"https:\/\/www.huebner.at\/en\/#organization","name":"H\u00fcbner &amp; H\u00fcbner Wirtschaftspr\u00fcfung und Steuerberatung GmbH & Co KG","alternateName":"H\u00fcbner &amp; H\u00fcbner","url":"https:\/\/www.huebner.at\/en\/","logo":{"@type":"ImageObject","inLanguage":"en-US","@id":"https:\/\/www.huebner.at\/en\/#\/schema\/logo\/image\/","url":"https:\/\/www.huebner.at\/wp-content\/uploads\/2022\/11\/Favicon.jpg","contentUrl":"https:\/\/www.huebner.at\/wp-content\/uploads\/2022\/11\/Favicon.jpg","width":512,"height":512,"caption":"H\u00fcbner &amp; H\u00fcbner Wirtschaftspr\u00fcfung und Steuerberatung GmbH & Co KG"},"image":{"@id":"https:\/\/www.huebner.at\/en\/#\/schema\/logo\/image\/"},"sameAs":["https:\/\/www.facebook.com\/HuebnerSteuerberater","https:\/\/x.com\/huebner_stb","https:\/\/www.linkedin.com\/company\/h\u00fcbner-h\u00fcbner-steuerberatung"]}]}},"_links":{"self":[{"href":"https:\/\/www.huebner.at\/en\/wp-json\/wp\/v2\/pages\/15544","targetHints":{"allow":["GET"]}}],"collection":[{"href":"https:\/\/www.huebner.at\/en\/wp-json\/wp\/v2\/pages"}],"about":[{"href":"https:\/\/www.huebner.at\/en\/wp-json\/wp\/v2\/types\/page"}],"author":[{"embeddable":true,"href":"https:\/\/www.huebner.at\/en\/wp-json\/wp\/v2\/users\/1"}],"replies":[{"embeddable":true,"href":"https:\/\/www.huebner.at\/en\/wp-json\/wp\/v2\/comments?post=15544"}],"version-history":[{"count":10,"href":"https:\/\/www.huebner.at\/en\/wp-json\/wp\/v2\/pages\/15544\/revisions"}],"predecessor-version":[{"id":29478,"href":"https:\/\/www.huebner.at\/en\/wp-json\/wp\/v2\/pages\/15544\/revisions\/29478"}],"wp:attachment":[{"href":"https:\/\/www.huebner.at\/en\/wp-json\/wp\/v2\/media?parent=15544"}],"curies":[{"name":"wp","href":"https:\/\/api.w.org\/{rel}","templated":true}]}}