{"id":15806,"date":"2023-02-19T14:44:39","date_gmt":"2023-02-19T13:44:39","guid":{"rendered":"https:\/\/huebner.virtuosen.at\/login\/"},"modified":"2023-04-21T01:04:44","modified_gmt":"2023-04-20T23:04:44","slug":"login","status":"publish","type":"page","link":"https:\/\/www.huebner.at\/en\/login\/","title":{"rendered":"Login"},"content":{"rendered":"\t\t<div data-elementor-type=\"wp-page\" data-elementor-id=\"15806\" class=\"elementor elementor-15806 elementor-10690\" data-elementor-post-type=\"page\">\n\t\t\t\t<div class=\"elementor-element elementor-element-b27c4f7 e-con-full e-flex e-con e-parent\" data-id=\"b27c4f7\" data-element_type=\"container\" data-e-type=\"container\">\n\t\t<div class=\"elementor-element elementor-element-31afada e-con-full e-flex e-con e-parent\" data-id=\"31afada\" data-element_type=\"container\" data-e-type=\"container\">\n\t\t\t\t<div class=\"elementor-element elementor-element-360f079 elementor-widget elementor-widget-image\" data-id=\"360f079\" data-element_type=\"widget\" data-e-type=\"widget\" data-widget_type=\"image.default\">\n\t\t\t\t<div class=\"elementor-widget-container\">\n\t\t\t\t\t\t\t\t\t\t\t\t\t\t\t\t<a href=\"https:\/\/www.huebner.at\/en\/\">\n\t\t\t\t\t\t\t<img fetchpriority=\"high\" decoding=\"async\" width=\"800\" height=\"800\" src=\"https:\/\/www.huebner.at\/wp-content\/uploads\/2022\/11\/hh_logo.svg\" class=\"attachment-large size-large wp-image-15022\" alt=\"\" \/>\t\t\t\t\t\t\t\t<\/a>\n\t\t\t\t\t\t\t\t\t\t\t\t\t\t\t<\/div>\n\t\t\t\t<\/div>\n\t\t\t\t<div class=\"elementor-element elementor-element-d6705e2 elementor-widget elementor-widget-heading\" data-id=\"d6705e2\" data-element_type=\"widget\" data-e-type=\"widget\" data-widget_type=\"heading.default\">\n\t\t\t\t<div class=\"elementor-widget-container\">\n\t\t\t\t\t<h1 class=\"elementor-heading-title elementor-size-default\">Login<\/h1>\t\t\t\t<\/div>\n\t\t\t\t<\/div>\n\t\t\t\t<\/div>\n\t\t<a class=\"elementor-element elementor-element-516eaae e-con-full e-flex e-con e-parent\" data-id=\"516eaae\" data-element_type=\"container\" data-e-type=\"container\" data-settings=\"{&quot;background_background&quot;:&quot;classic&quot;}\" href=\"https:\/\/2book.huebner.at\/\" target=\"_blank\">\n\t\t\t\t<div class=\"elementor-element elementor-element-0cc9a47 elementor-widget elementor-widget-heading\" data-id=\"0cc9a47\" data-element_type=\"widget\" data-e-type=\"widget\" data-widget_type=\"heading.default\">\n\t\t\t\t<div class=\"elementor-widget-container\">\n\t\t\t\t\t<h3 class=\"elementor-heading-title elementor-size-default\">2book<\/h3>\t\t\t\t<\/div>\n\t\t\t\t<\/div>\n\t\t\t\t<div class=\"elementor-element elementor-element-3b503a2 elementor-widget elementor-widget-text-editor\" data-id=\"3b503a2\" data-element_type=\"widget\" data-e-type=\"widget\" data-widget_type=\"text-editor.default\">\n\t\t\t\t<div class=\"elementor-widget-container\">\n\t\t\t\t\t\t\t\t\t<p>The online tool that connects you and your tax advisor.<\/p>\n<p>Maintain an overview of your finances and simply pick up your tax return. 2book helps you to minimise errors and when you don&#8217;t know what to do next, your H\u00fcbner &amp; H\u00fcbner tax advisor can log in live to assist you quickly and easily.<\/p>\n\t\t\t\t\t\t\t\t<\/div>\n\t\t\t\t<\/div>\n\t\t\t\t<\/a>\n\t\t<a class=\"elementor-element elementor-element-1fe06d4 e-con-full e-flex e-con e-parent\" data-id=\"1fe06d4\" data-element_type=\"container\" data-e-type=\"container\" data-settings=\"{&quot;background_background&quot;:&quot;classic&quot;}\" href=\"https:\/\/hub.huebner.at\/\" target=\"_blank\">\n\t\t\t\t<div class=\"elementor-element elementor-element-d232ef0 elementor-widget elementor-widget-heading\" data-id=\"d232ef0\" data-element_type=\"widget\" data-e-type=\"widget\" data-widget_type=\"heading.default\">\n\t\t\t\t<div class=\"elementor-widget-container\">\n\t\t\t\t\t<h3 class=\"elementor-heading-title elementor-size-default\">2file<\/h3>\t\t\t\t<\/div>\n\t\t\t\t<\/div>\n\t\t\t\t<div class=\"elementor-element elementor-element-f717c0f elementor-widget elementor-widget-text-editor\" data-id=\"f717c0f\" data-element_type=\"widget\" data-e-type=\"widget\" data-widget_type=\"text-editor.default\">\n\t\t\t\t<div class=\"elementor-widget-container\">\n\t\t\t\t\t\t\t\t\t<p>Payroll documents and data exchange.<\/p>\n<p>Upload your input (Flexiform) for the monthly payroll and collect the payslips, booking list, reporting and input files online.<\/p>\n\t\t\t\t\t\t\t\t<\/div>\n\t\t\t\t<\/div>\n\t\t\t\t<\/a>\n\t\t<a class=\"elementor-element elementor-element-48e026c e-con-full e-flex e-con e-parent\" data-id=\"48e026c\" data-element_type=\"container\" data-e-type=\"container\" data-settings=\"{&quot;background_background&quot;:&quot;classic&quot;}\" href=\"https:\/\/dpw.huebner.at\/\" target=\"_blank\">\n\t\t\t\t<div class=\"elementor-element elementor-element-69010e7 elementor-widget elementor-widget-heading\" data-id=\"69010e7\" data-element_type=\"widget\" data-e-type=\"widget\" data-widget_type=\"heading.default\">\n\t\t\t\t<div class=\"elementor-widget-container\">\n\t\t\t\t\t<h3 class=\"elementor-heading-title elementor-size-default\">Payroll+<\/h3>\t\t\t\t<\/div>\n\t\t\t\t<\/div>\n\t\t\t\t<div class=\"elementor-element elementor-element-5725127 elementor-widget elementor-widget-text-editor\" data-id=\"5725127\" data-element_type=\"widget\" data-e-type=\"widget\" data-widget_type=\"text-editor.default\">\n\t\t\t\t<div class=\"elementor-widget-container\">\n\t\t\t\t\t\t\t\t\t<p>ePayslip, travel expenses &amp; absences.<\/p>\n<p>Payroll+ ePayslip, travel expenses &amp; absences. Log in to your payslip archive, apply for or approve business trips and vacations or manage your absence files very easily online.<\/p>\n\t\t\t\t\t\t\t\t<\/div>\n\t\t\t\t<\/div>\n\t\t\t\t<\/a>\n\t\t<a class=\"elementor-element elementor-element-df8a001 e-con-full e-flex e-con e-parent\" data-id=\"df8a001\" data-element_type=\"container\" data-e-type=\"container\" data-settings=\"{&quot;background_background&quot;:&quot;classic&quot;}\" href=\"https:\/\/fibu.huebner.at\/\" target=\"_blank\">\n\t\t\t\t<div class=\"elementor-element elementor-element-fccac01 elementor-widget elementor-widget-heading\" data-id=\"fccac01\" data-element_type=\"widget\" data-e-type=\"widget\" data-widget_type=\"heading.default\">\n\t\t\t\t<div class=\"elementor-widget-container\">\n\t\t\t\t\t<h3 class=\"elementor-heading-title elementor-size-default\">Accounting+<\/h3>\t\t\t\t<\/div>\n\t\t\t\t<\/div>\n\t\t\t\t<div class=\"elementor-element elementor-element-4704a84 elementor-widget elementor-widget-text-editor\" data-id=\"4704a84\" data-element_type=\"widget\" data-e-type=\"widget\" data-widget_type=\"text-editor.default\">\n\t\t\t\t<div class=\"elementor-widget-container\">\n\t\t\t\t\t\t\t\t\t<p>Online booking, receipt management &amp; reporting.<\/p>\n<p>Send us your receipts via Upload. Book simple business transactions directly online. Always stay up to date with direct 24\/7 access to your reporting &#8211; from the overview to individual receipts.<\/p>\n\t\t\t\t\t\t\t\t<\/div>\n\t\t\t\t<\/div>\n\t\t\t\t<\/a>\n\t\t\t\t<\/div>\n\t\t\t\t<\/div>\n\t\t","protected":false},"excerpt":{"rendered":"<p>Login 2book The online tool that connects you and your tax advisor. Maintain an overview of your finances and simply pick up your tax return. 2book helps you to minimise errors and when you don&#8217;t know what to do next, your H\u00fcbner &amp; H\u00fcbner tax advisor can log in live to assist you quickly and [&hellip;]<\/p>\n","protected":false},"author":1,"featured_media":0,"parent":0,"menu_order":0,"comment_status":"closed","ping_status":"closed","template":"elementor_header_footer","meta":{"_acf_changed":false,"inline_featured_image":false,"footnotes":""},"class_list":["post-15806","page","type-page","status-publish","hentry"],"acf":[],"yoast_head":"<!-- This site is optimized with the Yoast SEO plugin v27.2 - https:\/\/yoast.com\/product\/yoast-seo-wordpress\/ -->\n<title>Login - H\u00fcbner &amp; H\u00fcbner<\/title>\n<meta name=\"robots\" content=\"index, follow, max-snippet:-1, max-image-preview:large, max-video-preview:-1\" \/>\n<link rel=\"canonical\" href=\"https:\/\/www.huebner.at\/en\/login\/\" \/>\n<meta property=\"og:locale\" content=\"en_US\" \/>\n<meta property=\"og:type\" content=\"article\" \/>\n<meta property=\"og:title\" content=\"Login - H\u00fcbner &amp; H\u00fcbner\" \/>\n<meta property=\"og:description\" content=\"Login 2book The online tool that connects you and your tax advisor. Maintain an overview of your finances and simply pick up your tax return. 2book helps you to minimise errors and when you don&#8217;t know what to do next, your H\u00fcbner &amp; H\u00fcbner tax advisor can log in live to assist you quickly and [&hellip;]\" \/>\n<meta property=\"og:url\" content=\"https:\/\/www.huebner.at\/en\/login\/\" \/>\n<meta property=\"og:site_name\" content=\"H\u00fcbner &amp; H\u00fcbner\" \/>\n<meta property=\"article:publisher\" content=\"https:\/\/www.facebook.com\/HuebnerSteuerberater\" \/>\n<meta property=\"article:modified_time\" content=\"2023-04-20T23:04:44+00:00\" \/>\n<meta property=\"og:image\" content=\"https:\/\/www.huebner.at\/wp-content\/uploads\/2022\/11\/hh_logo.svg\" \/>\n<meta name=\"twitter:card\" content=\"summary_large_image\" \/>\n<meta name=\"twitter:site\" content=\"@huebner_stb\" \/>\n<meta name=\"twitter:label1\" content=\"Est. reading time\" \/>\n\t<meta name=\"twitter:data1\" content=\"1 minute\" \/>\n<script type=\"application\/ld+json\" class=\"yoast-schema-graph\">{\"@context\":\"https:\/\/schema.org\",\"@graph\":[{\"@type\":\"WebPage\",\"@id\":\"https:\/\/www.huebner.at\/en\/login\/\",\"url\":\"https:\/\/www.huebner.at\/en\/login\/\",\"name\":\"Login - H\u00fcbner &amp; H\u00fcbner\",\"isPartOf\":{\"@id\":\"https:\/\/www.huebner.at\/en\/#website\"},\"primaryImageOfPage\":{\"@id\":\"https:\/\/www.huebner.at\/en\/login\/#primaryimage\"},\"image\":{\"@id\":\"https:\/\/www.huebner.at\/en\/login\/#primaryimage\"},\"thumbnailUrl\":\"https:\/\/www.huebner.at\/wp-content\/uploads\/2022\/11\/hh_logo.svg\",\"datePublished\":\"2023-02-19T13:44:39+00:00\",\"dateModified\":\"2023-04-20T23:04:44+00:00\",\"breadcrumb\":{\"@id\":\"https:\/\/www.huebner.at\/en\/login\/#breadcrumb\"},\"inLanguage\":\"en-US\",\"potentialAction\":[{\"@type\":\"ReadAction\",\"target\":[\"https:\/\/www.huebner.at\/en\/login\/\"]}]},{\"@type\":\"ImageObject\",\"inLanguage\":\"en-US\",\"@id\":\"https:\/\/www.huebner.at\/en\/login\/#primaryimage\",\"url\":\"https:\/\/www.huebner.at\/wp-content\/uploads\/2022\/11\/hh_logo.svg\",\"contentUrl\":\"https:\/\/www.huebner.at\/wp-content\/uploads\/2022\/11\/hh_logo.svg\"},{\"@type\":\"BreadcrumbList\",\"@id\":\"https:\/\/www.huebner.at\/en\/login\/#breadcrumb\",\"itemListElement\":[{\"@type\":\"ListItem\",\"position\":1,\"name\":\"Startseite\",\"item\":\"https:\/\/www.huebner.at\/en\/\"},{\"@type\":\"ListItem\",\"position\":2,\"name\":\"Login\"}]},{\"@type\":\"WebSite\",\"@id\":\"https:\/\/www.huebner.at\/en\/#website\",\"url\":\"https:\/\/www.huebner.at\/en\/\",\"name\":\"H\u00fcbner &amp; H\u00fcbner\",\"description\":\"Digitales Rechnungswesen &amp; Optimierte Steuerkonzepte.\",\"publisher\":{\"@id\":\"https:\/\/www.huebner.at\/en\/#organization\"},\"potentialAction\":[{\"@type\":\"SearchAction\",\"target\":{\"@type\":\"EntryPoint\",\"urlTemplate\":\"https:\/\/www.huebner.at\/en\/?s={search_term_string}\"},\"query-input\":{\"@type\":\"PropertyValueSpecification\",\"valueRequired\":true,\"valueName\":\"search_term_string\"}}],\"inLanguage\":\"en-US\"},{\"@type\":\"Organization\",\"@id\":\"https:\/\/www.huebner.at\/en\/#organization\",\"name\":\"H\u00fcbner &amp; H\u00fcbner Wirtschaftspr\u00fcfung und Steuerberatung GmbH & Co KG\",\"alternateName\":\"H\u00fcbner &amp; H\u00fcbner\",\"url\":\"https:\/\/www.huebner.at\/en\/\",\"logo\":{\"@type\":\"ImageObject\",\"inLanguage\":\"en-US\",\"@id\":\"https:\/\/www.huebner.at\/en\/#\/schema\/logo\/image\/\",\"url\":\"https:\/\/www.huebner.at\/wp-content\/uploads\/2022\/11\/Favicon.jpg\",\"contentUrl\":\"https:\/\/www.huebner.at\/wp-content\/uploads\/2022\/11\/Favicon.jpg\",\"width\":512,\"height\":512,\"caption\":\"H\u00fcbner &amp; H\u00fcbner Wirtschaftspr\u00fcfung und Steuerberatung GmbH & Co KG\"},\"image\":{\"@id\":\"https:\/\/www.huebner.at\/en\/#\/schema\/logo\/image\/\"},\"sameAs\":[\"https:\/\/www.facebook.com\/HuebnerSteuerberater\",\"https:\/\/x.com\/huebner_stb\",\"https:\/\/www.linkedin.com\/company\/h\u00fcbner-h\u00fcbner-steuerberatung\"]}]}<\/script>\n<!-- \/ Yoast SEO plugin. -->","yoast_head_json":{"title":"Login - H\u00fcbner &amp; H\u00fcbner","robots":{"index":"index","follow":"follow","max-snippet":"max-snippet:-1","max-image-preview":"max-image-preview:large","max-video-preview":"max-video-preview:-1"},"canonical":"https:\/\/www.huebner.at\/en\/login\/","og_locale":"en_US","og_type":"article","og_title":"Login - H\u00fcbner &amp; H\u00fcbner","og_description":"Login 2book The online tool that connects you and your tax advisor. Maintain an overview of your finances and simply pick up your tax return. 2book helps you to minimise errors and when you don&#8217;t know what to do next, your H\u00fcbner &amp; H\u00fcbner tax advisor can log in live to assist you quickly and [&hellip;]","og_url":"https:\/\/www.huebner.at\/en\/login\/","og_site_name":"H\u00fcbner &amp; H\u00fcbner","article_publisher":"https:\/\/www.facebook.com\/HuebnerSteuerberater","article_modified_time":"2023-04-20T23:04:44+00:00","og_image":[{"url":"https:\/\/www.huebner.at\/wp-content\/uploads\/2022\/11\/hh_logo.svg","type":"","width":"","height":""}],"twitter_card":"summary_large_image","twitter_site":"@huebner_stb","twitter_misc":{"Est. reading time":"1 minute"},"schema":{"@context":"https:\/\/schema.org","@graph":[{"@type":"WebPage","@id":"https:\/\/www.huebner.at\/en\/login\/","url":"https:\/\/www.huebner.at\/en\/login\/","name":"Login - H\u00fcbner &amp; H\u00fcbner","isPartOf":{"@id":"https:\/\/www.huebner.at\/en\/#website"},"primaryImageOfPage":{"@id":"https:\/\/www.huebner.at\/en\/login\/#primaryimage"},"image":{"@id":"https:\/\/www.huebner.at\/en\/login\/#primaryimage"},"thumbnailUrl":"https:\/\/www.huebner.at\/wp-content\/uploads\/2022\/11\/hh_logo.svg","datePublished":"2023-02-19T13:44:39+00:00","dateModified":"2023-04-20T23:04:44+00:00","breadcrumb":{"@id":"https:\/\/www.huebner.at\/en\/login\/#breadcrumb"},"inLanguage":"en-US","potentialAction":[{"@type":"ReadAction","target":["https:\/\/www.huebner.at\/en\/login\/"]}]},{"@type":"ImageObject","inLanguage":"en-US","@id":"https:\/\/www.huebner.at\/en\/login\/#primaryimage","url":"https:\/\/www.huebner.at\/wp-content\/uploads\/2022\/11\/hh_logo.svg","contentUrl":"https:\/\/www.huebner.at\/wp-content\/uploads\/2022\/11\/hh_logo.svg"},{"@type":"BreadcrumbList","@id":"https:\/\/www.huebner.at\/en\/login\/#breadcrumb","itemListElement":[{"@type":"ListItem","position":1,"name":"Startseite","item":"https:\/\/www.huebner.at\/en\/"},{"@type":"ListItem","position":2,"name":"Login"}]},{"@type":"WebSite","@id":"https:\/\/www.huebner.at\/en\/#website","url":"https:\/\/www.huebner.at\/en\/","name":"H\u00fcbner &amp; H\u00fcbner","description":"Digitales Rechnungswesen &amp; Optimierte Steuerkonzepte.","publisher":{"@id":"https:\/\/www.huebner.at\/en\/#organization"},"potentialAction":[{"@type":"SearchAction","target":{"@type":"EntryPoint","urlTemplate":"https:\/\/www.huebner.at\/en\/?s={search_term_string}"},"query-input":{"@type":"PropertyValueSpecification","valueRequired":true,"valueName":"search_term_string"}}],"inLanguage":"en-US"},{"@type":"Organization","@id":"https:\/\/www.huebner.at\/en\/#organization","name":"H\u00fcbner &amp; H\u00fcbner Wirtschaftspr\u00fcfung und Steuerberatung GmbH & Co KG","alternateName":"H\u00fcbner &amp; H\u00fcbner","url":"https:\/\/www.huebner.at\/en\/","logo":{"@type":"ImageObject","inLanguage":"en-US","@id":"https:\/\/www.huebner.at\/en\/#\/schema\/logo\/image\/","url":"https:\/\/www.huebner.at\/wp-content\/uploads\/2022\/11\/Favicon.jpg","contentUrl":"https:\/\/www.huebner.at\/wp-content\/uploads\/2022\/11\/Favicon.jpg","width":512,"height":512,"caption":"H\u00fcbner &amp; H\u00fcbner Wirtschaftspr\u00fcfung und Steuerberatung GmbH & Co KG"},"image":{"@id":"https:\/\/www.huebner.at\/en\/#\/schema\/logo\/image\/"},"sameAs":["https:\/\/www.facebook.com\/HuebnerSteuerberater","https:\/\/x.com\/huebner_stb","https:\/\/www.linkedin.com\/company\/h\u00fcbner-h\u00fcbner-steuerberatung"]}]}},"_links":{"self":[{"href":"https:\/\/www.huebner.at\/en\/wp-json\/wp\/v2\/pages\/15806","targetHints":{"allow":["GET"]}}],"collection":[{"href":"https:\/\/www.huebner.at\/en\/wp-json\/wp\/v2\/pages"}],"about":[{"href":"https:\/\/www.huebner.at\/en\/wp-json\/wp\/v2\/types\/page"}],"author":[{"embeddable":true,"href":"https:\/\/www.huebner.at\/en\/wp-json\/wp\/v2\/users\/1"}],"replies":[{"embeddable":true,"href":"https:\/\/www.huebner.at\/en\/wp-json\/wp\/v2\/comments?post=15806"}],"version-history":[{"count":5,"href":"https:\/\/www.huebner.at\/en\/wp-json\/wp\/v2\/pages\/15806\/revisions"}],"predecessor-version":[{"id":16343,"href":"https:\/\/www.huebner.at\/en\/wp-json\/wp\/v2\/pages\/15806\/revisions\/16343"}],"wp:attachment":[{"href":"https:\/\/www.huebner.at\/en\/wp-json\/wp\/v2\/media?parent=15806"}],"curies":[{"name":"wp","href":"https:\/\/api.w.org\/{rel}","templated":true}]}}